{"id":637,"date":"2022-10-17T12:45:31","date_gmt":"2022-10-17T12:45:31","guid":{"rendered":"http:\/\/aarhuskredsen.dk\/?page_id=637"},"modified":"2022-10-17T12:46:24","modified_gmt":"2022-10-17T12:46:24","slug":"information-fra-kommunen","status":"publish","type":"page","link":"https:\/\/aarhuskredsen.dk\/index.php\/information-fra-kommunen\/","title":{"rendered":"Information fra Kommunen"},"content":{"rendered":"\t\t<div data-elementor-type=\"wp-page\" data-elementor-id=\"637\" class=\"elementor elementor-637\">\n\t\t\t\t\t\t<section class=\"elementor-section elementor-top-section elementor-element elementor-element-56ce3a46 elementor-section-height-min-height elementor-section-boxed elementor-section-height-default elementor-section-items-middle\" data-id=\"56ce3a46\" data-element_type=\"section\" data-settings=\"{&quot;background_background&quot;:&quot;classic&quot;}\">\n\t\t\t\t\t\t\t<div class=\"elementor-background-overlay\"><\/div>\n\t\t\t\t\t\t\t<div class=\"elementor-container elementor-column-gap-no\">\n\t\t\t\t\t<div class=\"elementor-column elementor-col-100 elementor-top-column elementor-element elementor-element-3073b387\" data-id=\"3073b387\" data-element_type=\"column\">\n\t\t\t<div class=\"elementor-widget-wrap elementor-element-populated\">\n\t\t\t\t\t\t<div class=\"elementor-element elementor-element-6d5d7878 elementor-invisible elementor-widget elementor-widget-heading\" data-id=\"6d5d7878\" data-element_type=\"widget\" data-settings=\"{&quot;_animation&quot;:&quot;slideInUp&quot;}\" data-widget_type=\"heading.default\">\n\t\t\t\t<div class=\"elementor-widget-container\">\n\t\t\t\t\t<h1 class=\"elementor-heading-title elementor-size-default\">Information fra Kommunen<\/h1>\t\t\t\t<\/div>\n\t\t\t\t<\/div>\n\t\t\t\t\t<\/div>\n\t\t<\/div>\n\t\t\t\t\t<\/div>\n\t\t<\/section>\n\t\t\t\t<section class=\"elementor-section elementor-top-section elementor-element elementor-element-2349fed table_content elementor-section-boxed elementor-section-height-default elementor-section-height-default\" data-id=\"2349fed\" data-element_type=\"section\">\n\t\t\t\t\t\t<div class=\"elementor-container elementor-column-gap-default\">\n\t\t\t\t\t<div class=\"elementor-column elementor-col-100 elementor-top-column elementor-element elementor-element-09f1940\" data-id=\"09f1940\" data-element_type=\"column\">\n\t\t\t<div class=\"elementor-widget-wrap elementor-element-populated\">\n\t\t\t\t\t\t<div class=\"elementor-element elementor-element-af49213 elementor-widget elementor-widget-text-editor\" data-id=\"af49213\" data-element_type=\"widget\" data-widget_type=\"text-editor.default\">\n\t\t\t\t<div class=\"elementor-widget-container\">\n\t\t\t\t\t\t\t\t\t<p><strong>Til kolonihaveejere<br \/><\/strong><em>Den 18. juli 2013<\/em><\/p><p>Registrering af bevaringsv\u00e6rdige tr\u00e6er i kolonihaveomr\u00e5der.<\/p><p>Natur og Milj\u00f8 modtager hvert \u00e5r foresp\u00f8rgsler fra kolonihaveejere, som \u00f8nsker at f\u00e6lde store tr\u00e6er. Tr\u00e6registreringen skal bruges til at udpege de mest markante og bevaringsv\u00e6rdige tr\u00e6er i et kolonihaveomr\u00e5de, og dermed fjerne usikkerheden blandt kolonihaveejere om, hvilke store tr\u00e6er, de uden tilladelse m\u00e5 fjerne.<\/p><p>Inden Natur og Milj\u00f8 l\u00e6gger sig endelig fast p\u00e5 udpegning af bevaringsv\u00e6rdige tr\u00e6er, vil registreringen blive sendt til h\u00f8ring hos de ber\u00f8rte kolonihaveforeninger og Kolonihaveforbundets Aarhuskreds.<\/p><p>Udpegning af et tr\u00e6 som bevaringsv\u00e6rdigt indeb\u00e6rer, at tr\u00e6et ikke m\u00e5 f\u00e6ldes uden godkendelse fra Natur og Milj\u00f8. Et bevaringsv\u00e6rdigt tr\u00e6 kan naturligvis blive s\u00e5 sv\u00e6kket, at det udg\u00f8r en fare for omgivelserne og m\u00e5 f\u00e6ldes.<\/p><p>Af kommunens 3700 kolonihaver ligger 3200 kolonihaver p\u00e5 omr\u00e5der, som ejes af kommunen. Registreringen omfatter kun de kolonihaver, der ligger p\u00e5 kommunal grund.<\/p><p>Da kolonihaveomr\u00e5derne i sin tid blev oprettet, l\u00e5 de fleste kolonihaveomr\u00e5der langt uden for byen, men i dag ligger mange omsluttet af byen. De er derfor en del af byen og bidrager til at g\u00f8re byen gr\u00f8n.<\/p><p>Aarhus Kommune g\u00f8r en stort indsat for at g\u00f8re byen gr\u00f8n. Der plantes tr\u00e6er langs gader og veje og byens parker bidrager til at skabe indtrykket af en gr\u00f8n by.<\/p><p>Det er en vanskelig opgave at give tr\u00e6erne gode v\u00e6kstvilk\u00e5r i byen p\u00e5 grund bel\u00e6gninger, saltning om vinteren m.m. Derfor g\u00f8res en s\u00e6rlig indsats for at bevare eksisterende store tr\u00e6er, som er meget synlige i bybilledet, og som er med til at forbedre byklimaet.<\/p><p>Mange kolonihaveomr\u00e5der er gamle, nogle er over 100 \u00e5r. Der findes derfor ogs\u00e5 i kolonihaveomr\u00e5derne store gamle tr\u00e6er, som det er vigtigt at v\u00e6rne om.<\/p><p>Naturligvis er ikke alle tr\u00e6er bevaringsv\u00e6rdige. Tr\u00e6er kan blive gamle. Det \u00e6ldste gadetr\u00e6 i byen er blodb\u00f8gen ved Marienlund, som er 113 \u00e5r gammel. Tr\u00e6er er imidlertid levende organismer, som d\u00f8r p\u00e5 et tidspunkt. Tr\u00e6arten er afg\u00f8rende for, hvor gammelt et tr\u00e6 kan blive. Eg kan blive mange hundrede \u00e5r, hvorimod pil og poppel h\u00f8jest opn\u00e5r en alder p\u00e5 omkring 100 \u00e5r inden de d\u00f8r, eller d\u00f8de grene er til fare for omgivelserne.<\/p><p>Tr\u00e6ets sundhedstilstand er derfor vigtig, n\u00e5r man skal vurdere, om et gammelt tr\u00e6 er bevaringsv\u00e6rdigt.<\/p><p>Tr\u00e6ets h\u00f8jde er en anden vurderingsparameter. Er tr\u00e6et synligt i omr\u00e5det.<\/p><p>Tr\u00e6ets placering betyder ogs\u00e5 noget. Er det placeret s\u00e5 t\u00e6t p\u00e5 f.eks en bygning, at tr\u00e6ets r\u00f8dder eller grene kan skade bygningen, m\u00e5 det indg\u00e5 i vurderingen, om tr\u00e6et er bevaringsv\u00e6rdigt.<\/p><p>Tr\u00e6registreringen vil forh\u00e5bentlig skabe en forst\u00e5else for vores f\u00e6lles arv \u2013 de store markante tr\u00e6er, som giver liv til byen. I mods\u00e6tning til p\u00e5 gader og pladser, har tr\u00e6erne generelt gode v\u00e6kstvilk\u00e5r i kolonihaveomr\u00e5derne p\u00e5 trods af, at de st\u00e5r inde i byen. De har derfor mulighed for at opn\u00e5 en anseelig alder og st\u00f8rrelse.<\/p><p>Birk vil generelt ikke blive udpeget som bevaringsv\u00e6rdige. I kolonihaveomr\u00e5derne findes meget store og utroligt flotte birk, som pr\u00e6ger omr\u00e5det, og som opfylder betingelserne som bevaringsv\u00e6rdige.<\/p><p>Omkring 1 mio. danskere lider af allergi. Pollen fra birk topper listen over tr\u00e6arter, der giver flest mennesker allergi. Teknik og Milj\u00f8 har derfor besluttet, at man ikke planter birk i bymilj\u00f8et, hvor mange mennesker f\u00e6rdes. Selv om en birk ikke er bevaringsv\u00e6rdig er der naturligvis heller ikke noget krav om, at det f\u00e6ldes. Kolonihaveejeren har blot mulighed for at f\u00e6lde birken uden at s\u00f8ge tilladelse f\u00f8rst.<\/p><p>Vi h\u00e5ber, at denne skrivelse giver viden om baggrunden for tr\u00e6registreringen.<\/p><p>Vi h\u00e5ber samtidig, at vores medarbejder, Tanja Marie Asp, vil blive taget godt imod, n\u00e5r hun f\u00e6rdes rundt i kolonihaveomr\u00e5det.<\/p><p><strong>Med venlig hilsen<\/strong><br \/>Ole S. Rasmussen<br \/>Projektchef<br \/>\u00c5rhus Kommune<\/p>\t\t\t\t\t\t\t\t<\/div>\n\t\t\t\t<\/div>\n\t\t\t\t\t<\/div>\n\t\t<\/div>\n\t\t\t\t\t<\/div>\n\t\t<\/section>\n\t\t\t\t<\/div>\n\t\t","protected":false},"excerpt":{"rendered":"<p>Information fra Kommunen Til kolonihaveejereDen 18. juli 2013 Registrering af bevaringsv\u00e6rdige tr\u00e6er i kolonihaveomr\u00e5der. Natur og Milj\u00f8 modtager hvert \u00e5r foresp\u00f8rgsler fra kolonihaveejere, som \u00f8nsker at f\u00e6lde store tr\u00e6er. Tr\u00e6registreringen skal bruges til at udpege de mest markante og bevaringsv\u00e6rdige tr\u00e6er i et kolonihaveomr\u00e5de, og dermed fjerne usikkerheden blandt kolonihaveejere om, hvilke store tr\u00e6er, de uden tilladelse m\u00e5 fjerne. Inden Natur og Milj\u00f8 l\u00e6gger sig endelig fast p\u00e5 udpegning af bevaringsv\u00e6rdige tr\u00e6er, vil registreringen blive [&hellip;]<\/p>\n","protected":false},"author":1,"featured_media":0,"parent":0,"menu_order":2,"comment_status":"closed","ping_status":"closed","template":"elementor_header_footer","meta":{"_mc_calendar":[],"footnotes":""},"class_list":["post-637","page","type-page","status-publish","hentry"],"_links":{"self":[{"href":"https:\/\/aarhuskredsen.dk\/index.php\/wp-json\/wp\/v2\/pages\/637","targetHints":{"allow":["GET"]}}],"collection":[{"href":"https:\/\/aarhuskredsen.dk\/index.php\/wp-json\/wp\/v2\/pages"}],"about":[{"href":"https:\/\/aarhuskredsen.dk\/index.php\/wp-json\/wp\/v2\/types\/page"}],"author":[{"embeddable":true,"href":"https:\/\/aarhuskredsen.dk\/index.php\/wp-json\/wp\/v2\/users\/1"}],"replies":[{"embeddable":true,"href":"https:\/\/aarhuskredsen.dk\/index.php\/wp-json\/wp\/v2\/comments?post=637"}],"version-history":[{"count":4,"href":"https:\/\/aarhuskredsen.dk\/index.php\/wp-json\/wp\/v2\/pages\/637\/revisions"}],"predecessor-version":[{"id":641,"href":"https:\/\/aarhuskredsen.dk\/index.php\/wp-json\/wp\/v2\/pages\/637\/revisions\/641"}],"wp:attachment":[{"href":"https:\/\/aarhuskredsen.dk\/index.php\/wp-json\/wp\/v2\/media?parent=637"}],"curies":[{"name":"wp","href":"https:\/\/api.w.org\/{rel}","templated":true}]}}